{"id":2844,"date":"2020-06-05T19:43:52","date_gmt":"2020-06-05T17:43:52","guid":{"rendered":"http:\/\/fhsgschach.hochschule-stralsund.de\/?page_id=2844"},"modified":"2021-10-03T12:03:23","modified_gmt":"2021-10-03T10:03:23","slug":"warum-schach","status":"publish","type":"page","link":"https:\/\/fhsgschach.hochschule-stralsund.de\/?page_id=2844","title":{"rendered":"Warum Schach?"},"content":{"rendered":"\n<p>Das Image des K\u00f6nigsspiels ist bekanntlich sehr eingerostet. Es gilt als nerdig, langweilig und wird bekanntlich nur von alten M\u00e4nnern gespielt. So zumindest die Vorstellung.<\/p>\n\n\n\n<p>In der Realit\u00e4t sieht das Ganze jedoch ein bisschen anders aus. Schauen wir uns daf\u00fcr einfach mal die <a rel=\"noreferrer noopener\" href=\"https:\/\/www.chess.com\/de\/players\" target=\"_blank\">Weltspitze<\/a> des Schachs an. Denn diese wird entgegen der Vermutung fast ausschlie\u00dflich von U30 \u2013 Spielern angef\u00fchrt.  So ist der amtierende Weltmeister Magnus Carlsen ein 30-j\u00e4hriger Mann aus Norwegen.<\/p>\n\n\n\n<p>In den letzten Jahren hat sich au\u00dferdem gezeigt, dass sich immer mehr Kinder und Jugendliche f\u00fcr Schach interessieren. Das gilt sowohl f\u00fcr M\u00e4dchen, als auch f\u00fcr Jungen, welche beide einen Zuwachs verzeichnen. Doch woher kommt die Begeisterung f\u00fcr dieses historische Brettspiel?<\/p>\n\n\n\n<p>Die Genialit\u00e4t des Schach-Spiels beginnt bei dem quadratischen, schwarz-wei\u00df karierten Brett auf dem insgesamt bis zu 32 Figuren in einem heroischen Kampf gegeneinander antreten. Das Schlachtfeld er\u00f6ffnet dabei ungeahnte M\u00f6glichkeiten und fordert kreative L\u00f6sungen, um die Partie zu gewinnen. Das Problem hierbei: Die Komplexit\u00e4t zu \u00fcberblicken und selbst in scheinbar ausweglosen Situationen einen k\u00fchlen Kopf bewahren. Nicht ohne Grund, gab es bis sp\u00e4t in das 20. Jahrhundert keine, dem Menschen <a rel=\"noreferrer noopener\" href=\"https:\/\/www.spiegel.de\/sport\/sonst\/schach-programme-die-geschichte-von-papiermaschine-deep-blue-und-alpha-zero-a-1236391.html\" target=\"_blank\">konkurrenzf\u00e4hige Maschine<\/a>... . Und genau das ist das, was uns Schachspieler*innen fasziniert. Wir lieben es, uns mit schwierigen Stellungen auseinander zu setzen und Probleme zu l\u00f6sen. Der Austausch von Ideen und das gegenseitige Duellieren sind dabei ein wichtiger Bestandteil des Spiels.<\/p>\n\n\n\n<figure class=\"wp-block-image size-large\"><img loading=\"lazy\" width=\"1024\" height=\"587\" src=\"http:\/\/fhsgschach.hochschule-stralsund.de\/wp-content\/uploads\/2019\/12\/Quali8-e1591378655610-1024x587.jpeg\" alt=\"\" class=\"wp-image-2121\" srcset=\"https:\/\/fhsgschach.hochschule-stralsund.de\/wp-content\/uploads\/2019\/12\/Quali8-e1591378655610-1024x587.jpeg 1024w, https:\/\/fhsgschach.hochschule-stralsund.de\/wp-content\/uploads\/2019\/12\/Quali8-e1591378655610-300x172.jpeg 300w, https:\/\/fhsgschach.hochschule-stralsund.de\/wp-content\/uploads\/2019\/12\/Quali8-e1591378655610-768x440.jpeg 768w, https:\/\/fhsgschach.hochschule-stralsund.de\/wp-content\/uploads\/2019\/12\/Quali8-e1591378655610.jpeg 1200w\" sizes=\"(max-width: 1024px) 100vw, 1024px\" \/><\/figure>\n\n\n\n<h2>Welche Vorteile hat es Schach zu spielen?<\/h2>\n\n\n\n<p><strong>1.<\/strong> Du lernst neue nette Leute kennen, mit denen du dich abseits des Spiels auch mal \u00fcber andere interessante Themen unterhalten kannst \ud83d\ude09<\/p>\n\n\n\n<p><strong>2.<\/strong> G\u00fcnstig. Der Vereinsbeitrag bei uns betr\u00e4gt maximal 8\u20ac\/Monat. Wenn du dir f\u00fcr zu Hause ein eigenes Brett kaufen willst, gibt es topp Brett und Figuren zusammen schon f\u00fcr 30\u20ac. Eine Investition, die ein Leben lang h\u00e4lt.<\/p>\n\n\n\n<p><strong>3.<\/strong> Schach f\u00f6rdert die kognitiven F\u00e4higkeiten. Die Wissenschaft ist sich nicht dar\u00fcber einig, ob und inwiefern Schach logisches Denken und \u00c4hnliches verbessert, aber verschiedene <a href=\"https:\/\/www.brainscape.com\/academy\/does-chess-make-you-smarter\/\" target=\"_blank\" rel=\"noreferrer noopener\">Studien<\/a> zeigen auf, dass es einen Zusammenhang zu geben scheint. So beschrieben diese Studien einen Anstieg des IQs und verbesserte mathematische F\u00e4higkeiten durch Schach. Was jedoch unumstritten sein sollte, ist, dass man lernt sich mit Problemen auseinander zu setzen und L\u00f6sungen zu finden. Man erlernt Pl\u00e4ne zu entwickeln und sich auch \u00fcber lange Zeit zu konzentrieren. Alles Aspekte, die sich positiv auf Ehrgeiz und Leistung in Schule und Arbeit auswirken.<\/p>\n\n\n\n<p><strong>4.<\/strong> Mit der Zeit verstehst du K\u00f6rpersignale deines Gegners zu deuten. Schach hat n\u00e4mlich auch eine psychologische Komponente, die du durchsteigen und gezielt anwenden kannst. Wer wei\u00df, wozu du das nochmal gebrauchen kannst \ud83d\ude09<\/p>\n\n\n\n<p>Haben wir dein Interesse geweckt? Dann komm einfach ganz unverbindlich mal vorbei! Wir freuen uns auf dich \ud83d\ude42<\/p>\n","protected":false},"excerpt":{"rendered":"<p>Das Image des K\u00f6nigsspiels ist bekanntlich sehr eingerostet. Es gilt als nerdig, langweilig und wird bekanntlich nur von alten M\u00e4nnern gespielt. So zumindest die Vorstellung. In der Realit\u00e4t sieht das Ganze jedoch ein bisschen anders aus. Schauen wir uns daf\u00fcr&hellip; <\/p>\n","protected":false},"author":2,"featured_media":0,"parent":0,"menu_order":0,"comment_status":"closed","ping_status":"closed","template":"","meta":[],"yoast_head":"<!-- This site is optimized with the Yoast SEO plugin v19.2 - https:\/\/yoast.com\/wordpress\/plugins\/seo\/ -->\n<title>Warum Schach? - HSG Stralsund<\/title>\n<meta name=\"robots\" content=\"index, follow, max-snippet:-1, max-image-preview:large, max-video-preview:-1\" \/>\n<link rel=\"canonical\" href=\"https:\/\/fhsgschach.hochschule-stralsund.de\/?page_id=2844\" \/>\n<meta property=\"og:locale\" content=\"de_DE\" \/>\n<meta property=\"og:type\" content=\"article\" \/>\n<meta property=\"og:title\" content=\"Warum Schach? - HSG Stralsund\" \/>\n<meta property=\"og:description\" content=\"Das Image des K\u00f6nigsspiels ist bekanntlich sehr eingerostet. Es gilt als nerdig, langweilig und wird bekanntlich nur von alten M\u00e4nnern gespielt. So zumindest die Vorstellung. In der Realit\u00e4t sieht das Ganze jedoch ein bisschen anders aus. Schauen wir uns daf\u00fcr&hellip;\" \/>\n<meta property=\"og:url\" content=\"https:\/\/fhsgschach.hochschule-stralsund.de\/?page_id=2844\" \/>\n<meta property=\"og:site_name\" content=\"HSG Stralsund\" \/>\n<meta property=\"article:publisher\" content=\"https:\/\/fhsgschach.hochschule-stralsund.de\" \/>\n<meta property=\"article:modified_time\" content=\"2021-10-03T10:03:23+00:00\" \/>\n<meta property=\"og:image\" content=\"http:\/\/fhsgschach.hochschule-stralsund.de\/wp-content\/uploads\/2019\/12\/Quali8-e1591378655610-1024x587.jpeg\" \/>\n<meta name=\"author\" content=\"Tim Jenschke\" \/>\n<meta name=\"twitter:card\" content=\"summary_large_image\" \/>\n<meta name=\"twitter:label1\" content=\"Gesch\u00e4tzte Lesezeit\" \/>\n\t<meta name=\"twitter:data1\" content=\"3 Minuten\" \/>\n<script type=\"application\/ld+json\" class=\"yoast-schema-graph\">{\"@context\":\"https:\/\/schema.org\",\"@graph\":[{\"@type\":\"WebSite\",\"@id\":\"https:\/\/fhsgschach.hochschule-stralsund.de\/#website\",\"url\":\"https:\/\/fhsgschach.hochschule-stralsund.de\/\",\"name\":\"HSG Stralsund\",\"description\":\"Abteilung Schach\",\"potentialAction\":[{\"@type\":\"SearchAction\",\"target\":{\"@type\":\"EntryPoint\",\"urlTemplate\":\"https:\/\/fhsgschach.hochschule-stralsund.de\/?s={search_term_string}\"},\"query-input\":\"required name=search_term_string\"}],\"inLanguage\":\"de-DE\"},{\"@type\":\"ImageObject\",\"inLanguage\":\"de-DE\",\"@id\":\"https:\/\/fhsgschach.hochschule-stralsund.de\/?page_id=2844#primaryimage\",\"url\":\"https:\/\/fhsgschach.hochschule-stralsund.de\/wp-content\/uploads\/2019\/12\/Quali8-e1591378655610.jpeg\",\"contentUrl\":\"https:\/\/fhsgschach.hochschule-stralsund.de\/wp-content\/uploads\/2019\/12\/Quali8-e1591378655610.jpeg\",\"width\":1200,\"height\":688},{\"@type\":\"WebPage\",\"@id\":\"https:\/\/fhsgschach.hochschule-stralsund.de\/?page_id=2844#webpage\",\"url\":\"https:\/\/fhsgschach.hochschule-stralsund.de\/?page_id=2844\",\"name\":\"Warum Schach? - HSG Stralsund\",\"isPartOf\":{\"@id\":\"https:\/\/fhsgschach.hochschule-stralsund.de\/#website\"},\"primaryImageOfPage\":{\"@id\":\"https:\/\/fhsgschach.hochschule-stralsund.de\/?page_id=2844#primaryimage\"},\"datePublished\":\"2020-06-05T17:43:52+00:00\",\"dateModified\":\"2021-10-03T10:03:23+00:00\",\"breadcrumb\":{\"@id\":\"https:\/\/fhsgschach.hochschule-stralsund.de\/?page_id=2844#breadcrumb\"},\"inLanguage\":\"de-DE\",\"potentialAction\":[{\"@type\":\"ReadAction\",\"target\":[\"https:\/\/fhsgschach.hochschule-stralsund.de\/?page_id=2844\"]}]},{\"@type\":\"BreadcrumbList\",\"@id\":\"https:\/\/fhsgschach.hochschule-stralsund.de\/?page_id=2844#breadcrumb\",\"itemListElement\":[{\"@type\":\"ListItem\",\"position\":1,\"name\":\"Startseite\",\"item\":\"https:\/\/fhsgschach.hochschule-stralsund.de\/\"},{\"@type\":\"ListItem\",\"position\":2,\"name\":\"Warum Schach?\"}]}]}<\/script>\n<!-- \/ Yoast SEO plugin. -->","yoast_head_json":{"title":"Warum Schach? - HSG Stralsund","robots":{"index":"index","follow":"follow","max-snippet":"max-snippet:-1","max-image-preview":"max-image-preview:large","max-video-preview":"max-video-preview:-1"},"canonical":"https:\/\/fhsgschach.hochschule-stralsund.de\/?page_id=2844","og_locale":"de_DE","og_type":"article","og_title":"Warum Schach? - HSG Stralsund","og_description":"Das Image des K\u00f6nigsspiels ist bekanntlich sehr eingerostet. Es gilt als nerdig, langweilig und wird bekanntlich nur von alten M\u00e4nnern gespielt. So zumindest die Vorstellung. In der Realit\u00e4t sieht das Ganze jedoch ein bisschen anders aus. Schauen wir uns daf\u00fcr&hellip;","og_url":"https:\/\/fhsgschach.hochschule-stralsund.de\/?page_id=2844","og_site_name":"HSG Stralsund","article_publisher":"https:\/\/fhsgschach.hochschule-stralsund.de","article_modified_time":"2021-10-03T10:03:23+00:00","og_image":[{"url":"http:\/\/fhsgschach.hochschule-stralsund.de\/wp-content\/uploads\/2019\/12\/Quali8-e1591378655610-1024x587.jpeg"}],"author":"Tim Jenschke","twitter_card":"summary_large_image","twitter_misc":{"Gesch\u00e4tzte Lesezeit":"3 Minuten"},"schema":{"@context":"https:\/\/schema.org","@graph":[{"@type":"WebSite","@id":"https:\/\/fhsgschach.hochschule-stralsund.de\/#website","url":"https:\/\/fhsgschach.hochschule-stralsund.de\/","name":"HSG Stralsund","description":"Abteilung Schach","potentialAction":[{"@type":"SearchAction","target":{"@type":"EntryPoint","urlTemplate":"https:\/\/fhsgschach.hochschule-stralsund.de\/?s={search_term_string}"},"query-input":"required name=search_term_string"}],"inLanguage":"de-DE"},{"@type":"ImageObject","inLanguage":"de-DE","@id":"https:\/\/fhsgschach.hochschule-stralsund.de\/?page_id=2844#primaryimage","url":"https:\/\/fhsgschach.hochschule-stralsund.de\/wp-content\/uploads\/2019\/12\/Quali8-e1591378655610.jpeg","contentUrl":"https:\/\/fhsgschach.hochschule-stralsund.de\/wp-content\/uploads\/2019\/12\/Quali8-e1591378655610.jpeg","width":1200,"height":688},{"@type":"WebPage","@id":"https:\/\/fhsgschach.hochschule-stralsund.de\/?page_id=2844#webpage","url":"https:\/\/fhsgschach.hochschule-stralsund.de\/?page_id=2844","name":"Warum Schach? - HSG Stralsund","isPartOf":{"@id":"https:\/\/fhsgschach.hochschule-stralsund.de\/#website"},"primaryImageOfPage":{"@id":"https:\/\/fhsgschach.hochschule-stralsund.de\/?page_id=2844#primaryimage"},"datePublished":"2020-06-05T17:43:52+00:00","dateModified":"2021-10-03T10:03:23+00:00","breadcrumb":{"@id":"https:\/\/fhsgschach.hochschule-stralsund.de\/?page_id=2844#breadcrumb"},"inLanguage":"de-DE","potentialAction":[{"@type":"ReadAction","target":["https:\/\/fhsgschach.hochschule-stralsund.de\/?page_id=2844"]}]},{"@type":"BreadcrumbList","@id":"https:\/\/fhsgschach.hochschule-stralsund.de\/?page_id=2844#breadcrumb","itemListElement":[{"@type":"ListItem","position":1,"name":"Startseite","item":"https:\/\/fhsgschach.hochschule-stralsund.de\/"},{"@type":"ListItem","position":2,"name":"Warum Schach?"}]}]}},"_links":{"self":[{"href":"https:\/\/fhsgschach.hochschule-stralsund.de\/index.php?rest_route=\/wp\/v2\/pages\/2844"}],"collection":[{"href":"https:\/\/fhsgschach.hochschule-stralsund.de\/index.php?rest_route=\/wp\/v2\/pages"}],"about":[{"href":"https:\/\/fhsgschach.hochschule-stralsund.de\/index.php?rest_route=\/wp\/v2\/types\/page"}],"author":[{"embeddable":true,"href":"https:\/\/fhsgschach.hochschule-stralsund.de\/index.php?rest_route=\/wp\/v2\/users\/2"}],"replies":[{"embeddable":true,"href":"https:\/\/fhsgschach.hochschule-stralsund.de\/index.php?rest_route=%2Fwp%2Fv2%2Fcomments&post=2844"}],"version-history":[{"count":14,"href":"https:\/\/fhsgschach.hochschule-stralsund.de\/index.php?rest_route=\/wp\/v2\/pages\/2844\/revisions"}],"predecessor-version":[{"id":3291,"href":"https:\/\/fhsgschach.hochschule-stralsund.de\/index.php?rest_route=\/wp\/v2\/pages\/2844\/revisions\/3291"}],"wp:attachment":[{"href":"https:\/\/fhsgschach.hochschule-stralsund.de\/index.php?rest_route=%2Fwp%2Fv2%2Fmedia&parent=2844"}],"curies":[{"name":"wp","href":"https:\/\/api.w.org\/{rel}","templated":true}]}}