{"id":2057,"date":"2019-09-21T18:52:22","date_gmt":"2019-09-21T16:52:22","guid":{"rendered":"http:\/\/fhsgschach.hochschule-stralsund.de\/?page_id=2057"},"modified":"2025-10-15T15:12:44","modified_gmt":"2025-10-15T13:12:44","slug":"turnierkalender","status":"publish","type":"page","link":"https:\/\/fhsgschach.hochschule-stralsund.de\/?page_id=2057","title":{"rendered":"Turniere (in progress)"},"content":{"rendered":"\n<p class=\"has-normal-font-size\">Hier findest du verschiedene Schachturniere aus der Umgebung, welche dich vielleicht interessieren k\u00f6nnten. <strong>Viele Turniere sind offen f\u00fcr jeden!<\/strong> Das hei\u00dft, dass jeder daran teilnehmen kann, egal ob nun Vereinsspieler oder nicht! Interessenten sind gerne gesehen \ud83d\ude09<\/p>\n\n\n\n<p class=\"has-normal-font-size\"><strong>Beachte bitte unbedingt die Anmeldefristen, die in den Ausschreibungen stehen!<\/strong><\/p>\n\n\n\n<hr class=\"wp-block-separator has-css-opacity is-style-wide\"\/>\n\n\n\n<div style=\"height:24px\" aria-hidden=\"true\" class=\"wp-block-spacer\"><\/div>\n\n\n\n<figure class=\"wp-block-table is-style-regular\"><table class=\"mtr-table mtr-tr-td\"><tbody>\n<tr>\n<td data-mtr-content=\"Turnier\" class=\"mtr-td-tag\"><div class=\"mtr-cell-content\"><strong>Turnier<\/strong><\/div><\/td>\n<td data-mtr-content=\"Zeitraum\" class=\"mtr-td-tag\"><div class=\"mtr-cell-content\"><strong>Zeitraum<\/strong><\/div><\/td>\n<td data-mtr-content=\"Spielberechtigt?\" class=\"mtr-td-tag\"><div class=\"mtr-cell-content\"><strong>Spielberechtigt?<\/strong><\/div><\/td>\n<td data-mtr-content=\"Ausschreibung\" class=\"mtr-td-tag\"><div class=\"mtr-cell-content\"><strong>Ausschreibung<\/strong><\/div><\/td>\n<\/tr>\n<tr>\n<td data-mtr-content=\"Turnier\" class=\"mtr-td-tag\"><div class=\"mtr-cell-content\">27. Offene Stralsunder Stadtmeisterschaft<\/div><\/td>\n<td data-mtr-content=\"Zeitraum\" class=\"mtr-td-tag\"><div class=\"mtr-cell-content\">12.11.-29.4.2025<\/div><\/td>\n<td data-mtr-content=\"Spielberechtigt?\" class=\"mtr-td-tag\"><div class=\"mtr-cell-content\">alle<\/div><\/td>\n<td data-mtr-content=\"Ausschreibung\" class=\"mtr-td-tag\"><div class=\"mtr-cell-content\"><a href=\"https:\/\/fhsgschach.hochschule-stralsund.de\/?page_id=4874\">Download<\/a><\/div><\/td>\n<\/tr>\n<tr>\n<td data-mtr-content=\"Turnier\" class=\"mtr-td-tag\"><div class=\"mtr-cell-content\">24. Offene Senioren Schach Einzelmeisterschaft Mecklenburg-Vorpommern<\/div><\/td>\n<td data-mtr-content=\"Zeitraum\" class=\"mtr-td-tag\"><div class=\"mtr-cell-content\">27.11.-5.12.2025<\/div><\/td>\n<td data-mtr-content=\"Spielberechtigt?\" class=\"mtr-td-tag\"><div class=\"mtr-cell-content\">Damen Jg. 1969 und \u00e4lter<br>Herren Jg. 1964 und \u00e4lter<\/div><\/td>\n<td data-mtr-content=\"Ausschreibung\" class=\"mtr-td-tag\"><div class=\"mtr-cell-content\"><a href=\"https:\/\/lsvmv.de\/turniere\/offene_senioren_einzelmeisterschaft_mv\/2024\/24_offene_sem_2024_von_mvp_in_binz.pdf\">Download<\/a><\/div><\/td>\n<\/tr>\n<tr>\n<td data-mtr-content=\"Turnier\" class=\"mtr-td-tag\"><div class=\"mtr-cell-content\">74. Weihnachtsblitzturnier<\/div><\/td>\n<td data-mtr-content=\"Zeitraum\" class=\"mtr-td-tag\"><div class=\"mtr-cell-content\">21.12.2024<\/div><\/td>\n<td data-mtr-content=\"Spielberechtigt?\" class=\"mtr-td-tag\"><div class=\"mtr-cell-content\">alle<\/div><\/td>\n<td data-mtr-content=\"Ausschreibung\" class=\"mtr-td-tag\"><div class=\"mtr-cell-content\"><a href=\"https:\/\/fhsgschach.hochschule-stralsund.de\/?page_id=4107\">Download<\/a><\/div><\/td>\n<\/tr>\n<tr>\n<td data-mtr-content=\"Turnier\" class=\"mtr-td-tag\"><div class=\"mtr-cell-content\">14. Nachwuchs-Weihnachtsturnier<\/div><\/td>\n<td data-mtr-content=\"Zeitraum\" class=\"mtr-td-tag\"><div class=\"mtr-cell-content\">21.12.2024<\/div><\/td>\n<td data-mtr-content=\"Spielberechtigt?\" class=\"mtr-td-tag\"><div class=\"mtr-cell-content\">alle, die die Grundregeln beim Schach kennen bis 16 Jahre<\/div><\/td>\n<td data-mtr-content=\"Ausschreibung\" class=\"mtr-td-tag\"><div class=\"mtr-cell-content\"><a href=\"https:\/\/fhsgschach.hochschule-stralsund.de\/?page_id=4108\" target=\"_blank\" rel=\"noreferrer noopener\">Download<\/a><\/div><\/td>\n<\/tr>\n<tr>\n<td data-mtr-content=\"Turnier\" class=\"mtr-td-tag\"><div class=\"mtr-cell-content\">2. Internationales Schachopen<\/div><\/td>\n<td data-mtr-content=\"Zeitraum\" class=\"mtr-td-tag\"><div class=\"mtr-cell-content\">3.3-8.3.2025<\/div><\/td>\n<td data-mtr-content=\"Spielberechtigt?\" class=\"mtr-td-tag\"><div class=\"mtr-cell-content\">Spieler*innen mit FIDE-ID<\/div><\/td>\n<td data-mtr-content=\"Ausschreibung\" class=\"mtr-td-tag\"><div class=\"mtr-cell-content\"><a href=\"https:\/\/lsvmv.de\/turniere\/internationales_schachopen_graal-mueritz\/2025\/2_internationales_schachopen_graal-mueritz_ausschreibung.pdf\">Download<\/a><\/div><\/td>\n<\/tr>\n<\/tbody><\/table><\/figure>\n\n\n\n<p>Hier findest du noch weitere Turniere: <a href=\"https:\/\/lsvmv.de\/turnierkalender.php\">Turnierkalender des Landesschachverbandes MV<\/a><\/p>\n\n\n\n<p class=\"has-small-font-size\">Angaben ohne Gew\u00e4hr<\/p>\n","protected":false},"excerpt":{"rendered":"<p>Hier findest du verschiedene Schachturniere aus der Umgebung, welche dich vielleicht interessieren k\u00f6nnten. Viele Turniere sind offen f\u00fcr jeden! Das hei\u00dft, dass jeder daran teilnehmen kann, egal ob nun Vereinsspieler oder nicht! Interessenten sind gerne gesehen \ud83d\ude09 Beachte bitte unbedingt&hellip; <\/p>\n","protected":false},"author":2,"featured_media":0,"parent":0,"menu_order":0,"comment_status":"closed","ping_status":"closed","template":"","meta":[],"yoast_head":"<!-- This site is optimized with the Yoast SEO plugin v19.2 - https:\/\/yoast.com\/wordpress\/plugins\/seo\/ -->\n<title>Turniere (in progress) - HSG Stralsund<\/title>\n<meta name=\"description\" content=\"Hier findest du verschiedene Schachturniere aus der Umgebung, welche dich vielleicht interessieren k\u00f6nnten. Viele Turniere sind offen f\u00fcr jeden!\" \/>\n<meta name=\"robots\" content=\"index, follow, max-snippet:-1, max-image-preview:large, max-video-preview:-1\" \/>\n<link rel=\"canonical\" href=\"https:\/\/fhsgschach.hochschule-stralsund.de\/?page_id=2057\" \/>\n<meta property=\"og:locale\" content=\"de_DE\" \/>\n<meta property=\"og:type\" content=\"article\" \/>\n<meta property=\"og:title\" content=\"Turniere (in progress) - HSG Stralsund\" \/>\n<meta property=\"og:description\" content=\"Hier findest du verschiedene Schachturniere aus der Umgebung, welche dich vielleicht interessieren k\u00f6nnten. Viele Turniere sind offen f\u00fcr jeden!\" \/>\n<meta property=\"og:url\" content=\"https:\/\/fhsgschach.hochschule-stralsund.de\/?page_id=2057\" \/>\n<meta property=\"og:site_name\" content=\"HSG Stralsund\" \/>\n<meta property=\"article:publisher\" content=\"https:\/\/fhsgschach.hochschule-stralsund.de\" \/>\n<meta property=\"article:modified_time\" content=\"2025-10-15T13:12:44+00:00\" \/>\n<meta name=\"author\" content=\"Tim Jenschke\" \/>\n<meta name=\"twitter:card\" content=\"summary_large_image\" \/>\n<meta name=\"twitter:label1\" content=\"Gesch\u00e4tzte Lesezeit\" \/>\n\t<meta name=\"twitter:data1\" content=\"1 Minute\" \/>\n<script type=\"application\/ld+json\" class=\"yoast-schema-graph\">{\"@context\":\"https:\/\/schema.org\",\"@graph\":[{\"@type\":\"WebSite\",\"@id\":\"https:\/\/fhsgschach.hochschule-stralsund.de\/#website\",\"url\":\"https:\/\/fhsgschach.hochschule-stralsund.de\/\",\"name\":\"HSG Stralsund\",\"description\":\"Abteilung Schach\",\"potentialAction\":[{\"@type\":\"SearchAction\",\"target\":{\"@type\":\"EntryPoint\",\"urlTemplate\":\"https:\/\/fhsgschach.hochschule-stralsund.de\/?s={search_term_string}\"},\"query-input\":\"required name=search_term_string\"}],\"inLanguage\":\"de-DE\"},{\"@type\":\"WebPage\",\"@id\":\"https:\/\/fhsgschach.hochschule-stralsund.de\/?page_id=2057#webpage\",\"url\":\"https:\/\/fhsgschach.hochschule-stralsund.de\/?page_id=2057\",\"name\":\"Turniere (in progress) - HSG Stralsund\",\"isPartOf\":{\"@id\":\"https:\/\/fhsgschach.hochschule-stralsund.de\/#website\"},\"datePublished\":\"2019-09-21T16:52:22+00:00\",\"dateModified\":\"2025-10-15T13:12:44+00:00\",\"description\":\"Hier findest du verschiedene Schachturniere aus der Umgebung, welche dich vielleicht interessieren k\u00f6nnten. Viele Turniere sind offen f\u00fcr jeden!\",\"breadcrumb\":{\"@id\":\"https:\/\/fhsgschach.hochschule-stralsund.de\/?page_id=2057#breadcrumb\"},\"inLanguage\":\"de-DE\",\"potentialAction\":[{\"@type\":\"ReadAction\",\"target\":[\"https:\/\/fhsgschach.hochschule-stralsund.de\/?page_id=2057\"]}]},{\"@type\":\"BreadcrumbList\",\"@id\":\"https:\/\/fhsgschach.hochschule-stralsund.de\/?page_id=2057#breadcrumb\",\"itemListElement\":[{\"@type\":\"ListItem\",\"position\":1,\"name\":\"Startseite\",\"item\":\"https:\/\/fhsgschach.hochschule-stralsund.de\/\"},{\"@type\":\"ListItem\",\"position\":2,\"name\":\"Turniere (in progress)\"}]}]}<\/script>\n<!-- \/ Yoast SEO plugin. -->","yoast_head_json":{"title":"Turniere (in progress) - HSG Stralsund","description":"Hier findest du verschiedene Schachturniere aus der Umgebung, welche dich vielleicht interessieren k\u00f6nnten. Viele Turniere sind offen f\u00fcr jeden!","robots":{"index":"index","follow":"follow","max-snippet":"max-snippet:-1","max-image-preview":"max-image-preview:large","max-video-preview":"max-video-preview:-1"},"canonical":"https:\/\/fhsgschach.hochschule-stralsund.de\/?page_id=2057","og_locale":"de_DE","og_type":"article","og_title":"Turniere (in progress) - HSG Stralsund","og_description":"Hier findest du verschiedene Schachturniere aus der Umgebung, welche dich vielleicht interessieren k\u00f6nnten. Viele Turniere sind offen f\u00fcr jeden!","og_url":"https:\/\/fhsgschach.hochschule-stralsund.de\/?page_id=2057","og_site_name":"HSG Stralsund","article_publisher":"https:\/\/fhsgschach.hochschule-stralsund.de","article_modified_time":"2025-10-15T13:12:44+00:00","author":"Tim Jenschke","twitter_card":"summary_large_image","twitter_misc":{"Gesch\u00e4tzte Lesezeit":"1 Minute"},"schema":{"@context":"https:\/\/schema.org","@graph":[{"@type":"WebSite","@id":"https:\/\/fhsgschach.hochschule-stralsund.de\/#website","url":"https:\/\/fhsgschach.hochschule-stralsund.de\/","name":"HSG Stralsund","description":"Abteilung Schach","potentialAction":[{"@type":"SearchAction","target":{"@type":"EntryPoint","urlTemplate":"https:\/\/fhsgschach.hochschule-stralsund.de\/?s={search_term_string}"},"query-input":"required name=search_term_string"}],"inLanguage":"de-DE"},{"@type":"WebPage","@id":"https:\/\/fhsgschach.hochschule-stralsund.de\/?page_id=2057#webpage","url":"https:\/\/fhsgschach.hochschule-stralsund.de\/?page_id=2057","name":"Turniere (in progress) - HSG Stralsund","isPartOf":{"@id":"https:\/\/fhsgschach.hochschule-stralsund.de\/#website"},"datePublished":"2019-09-21T16:52:22+00:00","dateModified":"2025-10-15T13:12:44+00:00","description":"Hier findest du verschiedene Schachturniere aus der Umgebung, welche dich vielleicht interessieren k\u00f6nnten. Viele Turniere sind offen f\u00fcr jeden!","breadcrumb":{"@id":"https:\/\/fhsgschach.hochschule-stralsund.de\/?page_id=2057#breadcrumb"},"inLanguage":"de-DE","potentialAction":[{"@type":"ReadAction","target":["https:\/\/fhsgschach.hochschule-stralsund.de\/?page_id=2057"]}]},{"@type":"BreadcrumbList","@id":"https:\/\/fhsgschach.hochschule-stralsund.de\/?page_id=2057#breadcrumb","itemListElement":[{"@type":"ListItem","position":1,"name":"Startseite","item":"https:\/\/fhsgschach.hochschule-stralsund.de\/"},{"@type":"ListItem","position":2,"name":"Turniere (in progress)"}]}]}},"_links":{"self":[{"href":"https:\/\/fhsgschach.hochschule-stralsund.de\/index.php?rest_route=\/wp\/v2\/pages\/2057"}],"collection":[{"href":"https:\/\/fhsgschach.hochschule-stralsund.de\/index.php?rest_route=\/wp\/v2\/pages"}],"about":[{"href":"https:\/\/fhsgschach.hochschule-stralsund.de\/index.php?rest_route=\/wp\/v2\/types\/page"}],"author":[{"embeddable":true,"href":"https:\/\/fhsgschach.hochschule-stralsund.de\/index.php?rest_route=\/wp\/v2\/users\/2"}],"replies":[{"embeddable":true,"href":"https:\/\/fhsgschach.hochschule-stralsund.de\/index.php?rest_route=%2Fwp%2Fv2%2Fcomments&post=2057"}],"version-history":[{"count":51,"href":"https:\/\/fhsgschach.hochschule-stralsund.de\/index.php?rest_route=\/wp\/v2\/pages\/2057\/revisions"}],"predecessor-version":[{"id":5258,"href":"https:\/\/fhsgschach.hochschule-stralsund.de\/index.php?rest_route=\/wp\/v2\/pages\/2057\/revisions\/5258"}],"wp:attachment":[{"href":"https:\/\/fhsgschach.hochschule-stralsund.de\/index.php?rest_route=%2Fwp%2Fv2%2Fmedia&parent=2057"}],"curies":[{"name":"wp","href":"https:\/\/api.w.org\/{rel}","templated":true}]}}