{"id":197,"date":"2019-01-26T17:31:56","date_gmt":"2019-01-26T16:31:56","guid":{"rendered":"http:\/\/fhsgschach.hochschule-stralsund.de\/wordpress\/?page_id=197"},"modified":"2024-10-08T17:59:58","modified_gmt":"2024-10-08T15:59:58","slug":"jugend","status":"publish","type":"page","link":"https:\/\/fhsgschach.hochschule-stralsund.de\/?page_id=197","title":{"rendered":"Jugend"},"content":{"rendered":"\n<hr class=\"wp-block-separator has-css-opacity\"\/>\n\n\n\n<h2><a href=\"https:\/\/fhsgschach.hochschule-stralsund.de\/?page_id=4876\">Aktuelle Saison<\/a><\/h2>\n\n\n\n<p class=\"has-normal-font-size\">Unter der \"Aktuellen Saison\" findest du die Ergebnisse und die Termine unserer Jugendmannschaften.<\/p>\n\n\n\n<h2>Jugendtraining<\/h2>\n\n\n\n<p class=\"has-normal-font-size\">Unter \"Jugendtraining\" findest du die Unterrichtsmaterialien und Vorbereitung f\u00fcr das Training der \"Fortgeschrittenen\" - Jugend. Da diese gr\u00f6\u00dftenteils auf privaten Schachb\u00fcchern basieren, bitten wir dich um Verst\u00e4ndnis, dass sie nur f\u00fcr unsere Mitglieder zug\u00e4nglich sind.<\/p>\n","protected":false},"excerpt":{"rendered":"<p>Aktuelle Saison Unter der &#8220;Aktuellen Saison&#8221; findest du die Ergebnisse und die Termine unserer Jugendmannschaften. Jugendtraining Unter &#8220;Jugendtraining&#8221; findest du die Unterrichtsmaterialien und Vorbereitung f\u00fcr das Training der &#8220;Fortgeschrittenen&#8221; &#8211; Jugend. Da diese gr\u00f6\u00dftenteils auf privaten Schachb\u00fcchern basieren, bitten wir&hellip; <\/p>\n","protected":false},"author":2,"featured_media":0,"parent":0,"menu_order":0,"comment_status":"closed","ping_status":"closed","template":"","meta":[],"yoast_head":"<!-- This site is optimized with the Yoast SEO plugin v19.2 - https:\/\/yoast.com\/wordpress\/plugins\/seo\/ -->\n<title>Jugend - HSG Stralsund<\/title>\n<meta name=\"description\" content=\"Unter &quot;Jugend&quot; findest du \u00dcbungsmaterial, welches jedoch unseren Mitgliedern vorbehalten ist. Au\u00dferdem stehen hier die Ergebnisse aus Jugend- und Sch\u00fclerliga.\" \/>\n<meta name=\"robots\" content=\"index, follow, max-snippet:-1, max-image-preview:large, max-video-preview:-1\" \/>\n<link rel=\"canonical\" href=\"https:\/\/fhsgschach.hochschule-stralsund.de\/?page_id=197\" \/>\n<meta property=\"og:locale\" content=\"de_DE\" \/>\n<meta property=\"og:type\" content=\"article\" \/>\n<meta property=\"og:title\" content=\"Jugend - HSG Stralsund\" \/>\n<meta property=\"og:description\" content=\"Unter &quot;Jugend&quot; findest du \u00dcbungsmaterial, welches jedoch unseren Mitgliedern vorbehalten ist. Au\u00dferdem stehen hier die Ergebnisse aus Jugend- und Sch\u00fclerliga.\" \/>\n<meta property=\"og:url\" content=\"https:\/\/fhsgschach.hochschule-stralsund.de\/?page_id=197\" \/>\n<meta property=\"og:site_name\" content=\"HSG Stralsund\" \/>\n<meta property=\"article:publisher\" content=\"https:\/\/fhsgschach.hochschule-stralsund.de\" \/>\n<meta property=\"article:modified_time\" content=\"2024-10-08T15:59:58+00:00\" \/>\n<meta name=\"author\" content=\"Tim Jenschke\" \/>\n<meta name=\"twitter:card\" content=\"summary_large_image\" \/>\n<meta name=\"twitter:label1\" content=\"Gesch\u00e4tzte Lesezeit\" \/>\n\t<meta name=\"twitter:data1\" content=\"1 Minute\" \/>\n<script type=\"application\/ld+json\" class=\"yoast-schema-graph\">{\"@context\":\"https:\/\/schema.org\",\"@graph\":[{\"@type\":\"WebSite\",\"@id\":\"https:\/\/fhsgschach.hochschule-stralsund.de\/#website\",\"url\":\"https:\/\/fhsgschach.hochschule-stralsund.de\/\",\"name\":\"HSG Stralsund\",\"description\":\"Abteilung Schach\",\"potentialAction\":[{\"@type\":\"SearchAction\",\"target\":{\"@type\":\"EntryPoint\",\"urlTemplate\":\"https:\/\/fhsgschach.hochschule-stralsund.de\/?s={search_term_string}\"},\"query-input\":\"required name=search_term_string\"}],\"inLanguage\":\"de-DE\"},{\"@type\":\"WebPage\",\"@id\":\"https:\/\/fhsgschach.hochschule-stralsund.de\/?page_id=197#webpage\",\"url\":\"https:\/\/fhsgschach.hochschule-stralsund.de\/?page_id=197\",\"name\":\"Jugend - HSG Stralsund\",\"isPartOf\":{\"@id\":\"https:\/\/fhsgschach.hochschule-stralsund.de\/#website\"},\"datePublished\":\"2019-01-26T16:31:56+00:00\",\"dateModified\":\"2024-10-08T15:59:58+00:00\",\"description\":\"Unter \\\"Jugend\\\" findest du \u00dcbungsmaterial, welches jedoch unseren Mitgliedern vorbehalten ist. Au\u00dferdem stehen hier die Ergebnisse aus Jugend- und Sch\u00fclerliga.\",\"breadcrumb\":{\"@id\":\"https:\/\/fhsgschach.hochschule-stralsund.de\/?page_id=197#breadcrumb\"},\"inLanguage\":\"de-DE\",\"potentialAction\":[{\"@type\":\"ReadAction\",\"target\":[\"https:\/\/fhsgschach.hochschule-stralsund.de\/?page_id=197\"]}]},{\"@type\":\"BreadcrumbList\",\"@id\":\"https:\/\/fhsgschach.hochschule-stralsund.de\/?page_id=197#breadcrumb\",\"itemListElement\":[{\"@type\":\"ListItem\",\"position\":1,\"name\":\"Startseite\",\"item\":\"https:\/\/fhsgschach.hochschule-stralsund.de\/\"},{\"@type\":\"ListItem\",\"position\":2,\"name\":\"Jugend\"}]}]}<\/script>\n<!-- \/ Yoast SEO plugin. -->","yoast_head_json":{"title":"Jugend - HSG Stralsund","description":"Unter \"Jugend\" findest du \u00dcbungsmaterial, welches jedoch unseren Mitgliedern vorbehalten ist. Au\u00dferdem stehen hier die Ergebnisse aus Jugend- und Sch\u00fclerliga.","robots":{"index":"index","follow":"follow","max-snippet":"max-snippet:-1","max-image-preview":"max-image-preview:large","max-video-preview":"max-video-preview:-1"},"canonical":"https:\/\/fhsgschach.hochschule-stralsund.de\/?page_id=197","og_locale":"de_DE","og_type":"article","og_title":"Jugend - HSG Stralsund","og_description":"Unter \"Jugend\" findest du \u00dcbungsmaterial, welches jedoch unseren Mitgliedern vorbehalten ist. Au\u00dferdem stehen hier die Ergebnisse aus Jugend- und Sch\u00fclerliga.","og_url":"https:\/\/fhsgschach.hochschule-stralsund.de\/?page_id=197","og_site_name":"HSG Stralsund","article_publisher":"https:\/\/fhsgschach.hochschule-stralsund.de","article_modified_time":"2024-10-08T15:59:58+00:00","author":"Tim Jenschke","twitter_card":"summary_large_image","twitter_misc":{"Gesch\u00e4tzte Lesezeit":"1 Minute"},"schema":{"@context":"https:\/\/schema.org","@graph":[{"@type":"WebSite","@id":"https:\/\/fhsgschach.hochschule-stralsund.de\/#website","url":"https:\/\/fhsgschach.hochschule-stralsund.de\/","name":"HSG Stralsund","description":"Abteilung Schach","potentialAction":[{"@type":"SearchAction","target":{"@type":"EntryPoint","urlTemplate":"https:\/\/fhsgschach.hochschule-stralsund.de\/?s={search_term_string}"},"query-input":"required name=search_term_string"}],"inLanguage":"de-DE"},{"@type":"WebPage","@id":"https:\/\/fhsgschach.hochschule-stralsund.de\/?page_id=197#webpage","url":"https:\/\/fhsgschach.hochschule-stralsund.de\/?page_id=197","name":"Jugend - HSG Stralsund","isPartOf":{"@id":"https:\/\/fhsgschach.hochschule-stralsund.de\/#website"},"datePublished":"2019-01-26T16:31:56+00:00","dateModified":"2024-10-08T15:59:58+00:00","description":"Unter \"Jugend\" findest du \u00dcbungsmaterial, welches jedoch unseren Mitgliedern vorbehalten ist. Au\u00dferdem stehen hier die Ergebnisse aus Jugend- und Sch\u00fclerliga.","breadcrumb":{"@id":"https:\/\/fhsgschach.hochschule-stralsund.de\/?page_id=197#breadcrumb"},"inLanguage":"de-DE","potentialAction":[{"@type":"ReadAction","target":["https:\/\/fhsgschach.hochschule-stralsund.de\/?page_id=197"]}]},{"@type":"BreadcrumbList","@id":"https:\/\/fhsgschach.hochschule-stralsund.de\/?page_id=197#breadcrumb","itemListElement":[{"@type":"ListItem","position":1,"name":"Startseite","item":"https:\/\/fhsgschach.hochschule-stralsund.de\/"},{"@type":"ListItem","position":2,"name":"Jugend"}]}]}},"_links":{"self":[{"href":"https:\/\/fhsgschach.hochschule-stralsund.de\/index.php?rest_route=\/wp\/v2\/pages\/197"}],"collection":[{"href":"https:\/\/fhsgschach.hochschule-stralsund.de\/index.php?rest_route=\/wp\/v2\/pages"}],"about":[{"href":"https:\/\/fhsgschach.hochschule-stralsund.de\/index.php?rest_route=\/wp\/v2\/types\/page"}],"author":[{"embeddable":true,"href":"https:\/\/fhsgschach.hochschule-stralsund.de\/index.php?rest_route=\/wp\/v2\/users\/2"}],"replies":[{"embeddable":true,"href":"https:\/\/fhsgschach.hochschule-stralsund.de\/index.php?rest_route=%2Fwp%2Fv2%2Fcomments&post=197"}],"version-history":[{"count":21,"href":"https:\/\/fhsgschach.hochschule-stralsund.de\/index.php?rest_route=\/wp\/v2\/pages\/197\/revisions"}],"predecessor-version":[{"id":5062,"href":"https:\/\/fhsgschach.hochschule-stralsund.de\/index.php?rest_route=\/wp\/v2\/pages\/197\/revisions\/5062"}],"wp:attachment":[{"href":"https:\/\/fhsgschach.hochschule-stralsund.de\/index.php?rest_route=%2Fwp%2Fv2%2Fmedia&parent=197"}],"curies":[{"name":"wp","href":"https:\/\/api.w.org\/{rel}","templated":true}]}}